{"id":1121,"date":"2021-05-02T19:15:28","date_gmt":"2021-05-02T23:15:28","guid":{"rendered":"http:\/\/www.inolivent.ca\/?page_id=1121"},"modified":"2023-10-23T10:13:32","modified_gmt":"2023-10-23T14:13:32","slug":"liquid-ventilators-inolivent","status":"publish","type":"page","link":"https:\/\/www.inolivent.ca\/?page_id=1121","title":{"rendered":"Liquid Ventilators \/ ventilateurs liquidiens"},"content":{"rendered":"\n<p>Un ventilateur liquidien est requis pour assurer une ventilation s\u00e9curitaire et efficace des poumons avec un liquide respiratoire. Les ventilateurs liquidiens se composent de deux pompes \u00e0 piston ind\u00e9pendantes, d&#8217;une unit\u00e9 de traitement du liquide respiratoire et d&#8217;un syst\u00e8me de contr\u00f4le <\/p>\n\n\n\n<p>A liquid ventilator is required to ensure a safe and efficicent ventilation of the lungs with a breathable liquid. It consists of two independent piston pumps, a perfluorocabon treatment unit  and a control system. <\/p>\n\n\n\n<figure class=\"wp-block-image size-full is-resized\"><img loading=\"lazy\" decoding=\"async\" width=\"756\" height=\"756\" src=\"https:\/\/www.inolivent.ca\/wp-content\/uploads\/2022\/02\/Historique_24022022c.jpg\" alt=\"\" class=\"wp-image-1162\" style=\"width:567px;height:567px\" srcset=\"https:\/\/www.inolivent.ca\/wp-content\/uploads\/2022\/02\/Historique_24022022c.jpg 756w, https:\/\/www.inolivent.ca\/wp-content\/uploads\/2022\/02\/Historique_24022022c-300x300.jpg 300w, https:\/\/www.inolivent.ca\/wp-content\/uploads\/2022\/02\/Historique_24022022c-150x150.jpg 150w, https:\/\/www.inolivent.ca\/wp-content\/uploads\/2022\/02\/Historique_24022022c-624x624.jpg 624w\" sizes=\"auto, (max-width: 756px) 100vw, 756px\" \/><\/figure>\n\n\n\n<p>Historique de d\u00e9veloppement des appareils depuis 2004 \/ Development history of the devices since 2004.<\/p>\n","protected":false},"excerpt":{"rendered":"<p>Un ventilateur liquidien est requis pour assurer une ventilation s\u00e9curitaire et efficace des poumons avec un liquide respiratoire. Les ventilateurs liquidiens se composent de deux pompes \u00e0 piston ind\u00e9pendantes, d&#8217;une unit\u00e9 de traitement du liquide respiratoire et d&#8217;un syst\u00e8me de contr\u00f4le A liquid ventilator is required to ensure a safe and efficicent ventilation of the [&hellip;]<\/p>\n","protected":false},"author":3,"featured_media":0,"parent":0,"menu_order":0,"comment_status":"closed","ping_status":"closed","template":"","meta":{"jetpack_post_was_ever_published":false,"footnotes":""},"class_list":["post-1121","page","type-page","status-publish","hentry"],"aioseo_notices":[],"jetpack_sharing_enabled":true,"jetpack_shortlink":"https:\/\/wp.me\/P3zpRR-i5","_links":{"self":[{"href":"https:\/\/www.inolivent.ca\/index.php?rest_route=\/wp\/v2\/pages\/1121","targetHints":{"allow":["GET"]}}],"collection":[{"href":"https:\/\/www.inolivent.ca\/index.php?rest_route=\/wp\/v2\/pages"}],"about":[{"href":"https:\/\/www.inolivent.ca\/index.php?rest_route=\/wp\/v2\/types\/page"}],"author":[{"embeddable":true,"href":"https:\/\/www.inolivent.ca\/index.php?rest_route=\/wp\/v2\/users\/3"}],"replies":[{"embeddable":true,"href":"https:\/\/www.inolivent.ca\/index.php?rest_route=%2Fwp%2Fv2%2Fcomments&post=1121"}],"version-history":[{"count":14,"href":"https:\/\/www.inolivent.ca\/index.php?rest_route=\/wp\/v2\/pages\/1121\/revisions"}],"predecessor-version":[{"id":1251,"href":"https:\/\/www.inolivent.ca\/index.php?rest_route=\/wp\/v2\/pages\/1121\/revisions\/1251"}],"wp:attachment":[{"href":"https:\/\/www.inolivent.ca\/index.php?rest_route=%2Fwp%2Fv2%2Fmedia&parent=1121"}],"curies":[{"name":"wp","href":"https:\/\/api.w.org\/{rel}","templated":true}]}}