{"id":1094,"date":"2021-05-02T18:41:30","date_gmt":"2021-05-02T22:41:30","guid":{"rendered":"http:\/\/www.inolivent.ca\/?page_id=1094"},"modified":"2024-04-10T14:58:21","modified_gmt":"2024-04-10T18:58:21","slug":"1094-2","status":"publish","type":"page","link":"https:\/\/www.inolivent.ca\/?page_id=1094","title":{"rendered":"Publications in Liquid Ventilation \/ Publications en ventilation liquidienne"},"content":{"rendered":"\n<figure class=\"wp-block-image size-large\"><img loading=\"lazy\" decoding=\"async\" width=\"1024\" height=\"392\" src=\"https:\/\/www.inolivent.ca\/wp-content\/uploads\/2018\/02\/Pr\u00e9sentationUdeS_2017_12_05_v2-1024x392.png\" alt=\"\" class=\"wp-image-899\" srcset=\"https:\/\/www.inolivent.ca\/wp-content\/uploads\/2018\/02\/Pr\u00e9sentationUdeS_2017_12_05_v2-1024x392.png 1024w, https:\/\/www.inolivent.ca\/wp-content\/uploads\/2018\/02\/Pr\u00e9sentationUdeS_2017_12_05_v2-150x57.png 150w, https:\/\/www.inolivent.ca\/wp-content\/uploads\/2018\/02\/Pr\u00e9sentationUdeS_2017_12_05_v2-300x115.png 300w, https:\/\/www.inolivent.ca\/wp-content\/uploads\/2018\/02\/Pr\u00e9sentationUdeS_2017_12_05_v2-768x294.png 768w, https:\/\/www.inolivent.ca\/wp-content\/uploads\/2018\/02\/Pr\u00e9sentationUdeS_2017_12_05_v2-940x360.png 940w, https:\/\/www.inolivent.ca\/wp-content\/uploads\/2018\/02\/Pr\u00e9sentationUdeS_2017_12_05_v2.png 1280w\" sizes=\"auto, (max-width: 1024px) 100vw, 1024px\" \/><\/figure>\n\n\n\n<h1 class=\"wp-block-heading\">Publications in international journals<\/h1>\n\n\n\n<p><a href=\"https:\/\/www.nature.com\/articles\/s41390-023-02841-6\" target=\"_blank\" rel=\"noopener ugc\" title=\"Morin, C*; Simard, E; See, W*; Sage, M*; Roqaya, I; Nadeau, C; Samson, N; Lavoie, P; Chabot, B; Marouan, S; Tremblay, S; Praud, JP; Micheau, P; Fortin-Pellerin, E.\u00a0(2023).\u00a0Total liquid ventilation in an ovine modelof extreme prematurity: a randomized study.\u00a0Pediatric Research, 95: 974\u2013980, 2024.\">Morin, C*; Simard, E; See, W*; Sage, M*; Roqaya, I; Nadeau, C; Samson, N; Lavoie, P; Chabot, B; Marouan, S; Tremblay, S; Praud, JP; Micheau, P; Fortin-Pellerin, E.\u00a0(2023).\u00a0Total liquid ventilation in an ovine modelof extreme prematurity: a randomized study.\u00a0<em>Pediatric Research<\/em>, <strong>95<\/strong>: 974\u2013980, 2024.<\/a><\/p>\n\n\n\n<p><a href=\"https:\/\/www.sciencedirect.com\/science\/article\/abs\/pii\/S0761842522004545?via%3Dihub\" title=\"\">Morin, C., et al. (2023). &#8220;Prise en charge d\u2019agneaux extr\u00eamement pr\u00e9matur\u00e9s par la ventilation liquidienne totale.&#8221; Revue des Maladies Respiratoires <strong>40<\/strong>(2): 154-155.<\/a><\/p>\n\n\n\n<p><a href=\"https:\/\/pubmed.ncbi.nlm.nih.gov\/35149225\/\" title=\"Christophe Morin, Symon Stowe, Charles Alain, Wendy See, Micha\u00ebl Sage, Charl\u00e8ne Nadeau, Nathalie Samson, Andy Adler, Philippe Micheau, Jean-Paul Praud, \u00c9tienne Fortin-Pellerin, Conventional vs High-Frequency Ventilation for Weaning from Total Liquid Ventilation in Lambs, Respiratory Physiology &amp; Neurobiology, Volume 299, 2022\">Christophe Morin, Symon Stowe, Charles Alain, Wendy See, Micha\u00ebl Sage, Charl\u00e8ne Nadeau, Nathalie Samson, Andy Adler, Philippe Micheau, Jean-Paul Praud, \u00c9tienne Fortin-Pellerin, Conventional vs High-Frequency Ventilation for Weaning from Total Liquid Ventilation in Lambs, Respiratory Physiology &amp; Neurobiology, Volume 299, 2022<\/a><\/p>\n\n\n\n<p><a href=\"https:\/\/www.sciencedirect.com\/science\/article\/abs\/pii\/S1569904821000513?via%3Dihub\">W See, C Morin, M Sage, S Stowe, C Gohier, S Nault, P Micheau, A Adler, \u00c9 Fortin-Pellerin, Air distribution within the lungs after total liquid ventilation in a neonatal ovine model, Respiratory Physiology &amp; Neurobiology,Volume 290, 2021.<\/a><\/p>\n\n\n\n<p><a href=\"https:\/\/www.ncbi.nlm.nih.gov\/pmc\/articles\/PMC7315809\/\">M Sage, See WW, Nault S, Morin C, Michalski C, Chabot B, Marouan S, Lavoie P M, Micheau P, Praud JP and Fortin-Pellerin \u00c9, Effect of low versus high tidal-volume total liquid ventilation on pulmonary inflammation, Front. Physiol. &#8211; Respiratory Physiology, on line 2020.<\/a><\/p>\n\n\n\n<p><a href=\"https:\/\/www.frontiersin.org\/articles\/10.3389\/fphys.2018.01723\/full\">M. Sage, S. Stowe, A. Adler, C. Forand-Choini\u00e8re, M. Nadeau, C. Berger, S. Marouan, P. Micheau, R. Tissier, J-P Praud, \u00c9. Fortin-Pellerin, Perflubron distribution during transition from gas to total liquid ventilation, Frontiers in Physiology, accepted 2018.<\/a><\/p>\n\n\n\n<p><a href=\"https:\/\/www.sciencedirect.com\/science\/article\/pii\/S0967066118301205\">M Nadeau, JY Denaclara, R Tissier, H Walti, P Micheau, Patient-Specific Optimal Cooling Power Command for Hypothermia Induction by Liquid Ventilation, Control Engineering Practice, Vol 77, 109-117, 2018.<\/a><\/p>\n\n\n\n<p><a href=\"http:\/\/journals.plos.org\/plosone\/article?id=10.1371\/journal.pone.0191885\">M Sage, M Nadeau, C Foran-Choini\u00e8re, J Mousseau, J Vandamme, C Berger, JS Tremblay-Roy, R Tissier, P Micheau, E Fortin-Pellerin, Assessing the impacts of total liquid ventilation on left ventricular diastolic function in a model of neonatal respiratory distress syndrome, PLoS ONE 13(1) January 2018.<\/a><\/p>\n\n\n\n<p><a href=\"https:\/\/www.ncbi.nlm.nih.gov\/pubmed\/28237918\">M Nadeau, M Sage, M Kohlhauer, J Mousseau, J Vandamme, E Fortin-Pellerin, JP Praud, R Tissier, H Walti, P Micheau. Optimal Control of Inspired Perfluorocarbon Temperature for Ultrafast Hypothermia Induction by Total Liquid Ventilation in Adult Patient Model, IEEE Trans Biomed Eng, 2017.<\/a><\/p>\n\n\n\n<p><a href=\"https:\/\/www.ncbi.nlm.nih.gov\/pubmed\/27242031\">M Sage, M Nadeau, M Kohlhauer, JP Praud, R Tissier, R Robert, H Walti and P Micheau. Effect of ultra-fast mild hypothermia using total liquid ventilation on hemodynamics and respiratory mechanics, Cryobiologie, 99-101, 2017.<\/a><\/p>\n\n\n\n<p><a href=\"http:\/\/ieeexplore.ieee.org\/xpl\/articleDetails.jsp?arnumber=7314895\">M. Nadeau, M. Sage, M. Kohlhauer, j. Vandamme, J. Mousseau, R. Robert, R. Tissier, J.-P. Praud, H. Walti et P. Micheau, Thermal Dynamics in Newborn and Juvenile Models Cooled by Total Liquid Ventilation, IEEE Trans Biomed Eng, 63(7), 1483-1491, 2016.<\/a><\/p>\n\n\n\n<p><a href=\"http:\/\/ieeexplore.ieee.org\/xpl\/articleDetails.jsp?tp=&amp;arnumber=6840979\">M. Nadeau, P. Micheau, R. Robert, O. Avoine, R. Tissier, P.S. Germim, J. Vandamme, JP Praud, H. Walti, Core body temperature control by total liquid ventilation using a virtual lung temperature sensor, IEEE Trans.Biomed. Eng., 61(12), 2859-2868, Dec. 2014.<\/a><\/p>\n\n\n\n<p><a href=\"http:\/\/www.msamerique.ca\/articles\/les-ovins-des-modeles-uniques-pour-la-recherche-en-sante-respiratoire-perinatale\">N. Samson, O. Avoine, H. Walti, P. Micheau, JP. Praud, The ovines, unique models for research into perinatal respiration, Revue M\u00e9decine Sciences Am\u00e9rique, 14 p, 1(4), 2012.<\/a><\/p>\n\n\n\n<p><a href=\"http:\/\/ieeexplore.ieee.org\/xpl\/articleDetails.jsp?tp=&amp;arnumber=6025273&amp;contentType=Journals+%26+Magazines&amp;sortType%3Dasc_p_Sequence%26filter%3DAND(p_IS_Number%3A6132598)\">A. Beaulieu, D. Boss\u00e9, P. Micheau, O. Avoine, JP Praud, H. Walti, Measurement of Fractional Order Model Parameters of Respiratory Mechanical Impedance in Total Liquid Ventilation, IEEE Trans. On Biomedical Engineering, 59(2):323-31, 2012.<\/a><\/p>\n\n\n\n<p><a href=\"http:\/\/journals.lww.com\/ccmjournal\/Abstract\/2011\/05000\/Total_liquid_ventilation_efficacy_in_an_ovine.25.aspx\">O. Avoine, D. Boss\u00e9, B. Beaudry, A. Beaulieu, R. Albadine, JP Praud, R. Robert, P. Micheau and H. Walti, Total Liquid Ventilation efficacy in an Ovine Model of severe meconium aspiration syndrome, Critical Care Medicine, 39(5), 2011<\/a><\/p>\n\n\n\n<p><a href=\"http:\/\/www.sciencedirect.com\/science\/article\/pii\/S0955598611000094\">A. Beaulieu, E. Foucault, P. Braud, P. Micheau, and P. Szeger, A flowmeter for unsteady liquid flow measurements, Flow Measurement and Instrumentation, 22(2), p. 131-137, 2011<\/a><\/p>\n\n\n\n<p><a href=\"http:\/\/journals.lww.com\/asaiojournal\/Abstract\/2010\/11000\/Experimental_Validation_of_Cardiac_Index.13.aspx\">D. Boss\u00e9, H. Walti, R. Robert, J. Lebon, O. Lesur, JP. Praud, and P. Micheau, Experimental validation of cardiac output measurement using transpulmonary thermodilution technique in neonatal Tidal Liquid Ventilation, ASAIO Journal, 56(6), 557-562, 2010<\/a><\/p>\n\n\n\n<p><a href=\"http:\/\/ieeexplore.ieee.org\/xpl\/articleDetails.jsp?tp=&amp;arnumber=5233807&amp;contentType=Journals+%26+Magazines&amp;queryText%3DMicheau\">R. Robert, P. Micheau, O. Avoine, B. Beaudry, A. Beaulieu, H. Walti, A Regulator for Pressure Controlled Liquid Ventilation, IEEE Trans. Biomed. Eng., 57(9), 2267-2276, 2010<\/a><\/p>\n\n\n\n<p><a href=\"http:\/\/www.ncbi.nlm.nih.gov\/pubmed\/20538848?dopt=Abstract\">D. Bosse, A. Beaulieu, O. Avoine, P. Micheau, JP Praud, and H. Walti, Neonatal Total Liquid Ventilation: Is Low Frequency Forced Oscillation Technique Suitable for Respiratory Mechanics Assessment?, Journal of Applied Physiology, 109:501-510, 2010<\/a><\/p>\n\n\n\n<p><a href=\"http:\/\/journals.lww.com\/asaiojournal\/Abstract\/2009\/05000\/Clinical_Design_Functions__Round_Table_Discussions.4.aspx\">ML. Costantino, P. Micheau, T. H. Shaffer, S. Tredici, MR. Wolfson, Clinical Design Functions: Round table discussions on bioengineering of liquid ventilators, American Society for Artificial Internal Organs Journal, May-Jun; 55(3):206-8, 2009.<\/a><\/p>\n\n\n\n<p><a href=\"http:\/\/journals.lww.com\/asaiojournal\/Abstract\/2009\/01000\/Optimal_Expiratory_Volume_Profile_in_Tidal_Liquid.14.aspx\">R. Robert, P. Micheau, and H. Walti, Optimal expiratory volume profile in tidal liquid ventilation under steady state conditions, based on a symmetrical lung model, American Society for Artificial Internal Organs Journal, 55(1), 63-72, January\/February 2009<\/a><\/p>\n\n\n\n<p><a href=\"http:\/\/www.sciencedirect.com\/science\/article\/pii\/S1746809407000651\">R. Robert, P. Micheau, H. Walti, A Supervisor for Volume-Controlled Tidal Liquid Ventilator Using Independent Piston Pumps, Biomedical Signal Processing and Control, (2) 267-274, 2007<\/a><\/p>\n\n\n\n<p><a href=\"http:\/\/journals.lww.com\/asaiojournal\/Abstract\/2006\/11000\/A_Prototype_of_Volume_Controlled_Tidal_Liquid.6.aspx\">R. Robert, P. Micheau, S. Cyr, O. Lesur, J.P. Praud, H. Walti, Prototype of volume-controlled tidal liquid ventilator using independent piston pumps, American Society for Artificial Internal Organs Journal, 52(6):638-45, Nov-Dec 2006.<\/a><\/p>\n\n\n\n<h1 class=\"wp-block-heading\">Publications in Collaboration with ENVA<\/h1>\n\n\n\n<p><a href=\"https:\/\/www.ahajournals.org\/doi\/full\/10.1161\/JAHA.120.017413\">Emilie Boissady, Matthias Kohlhauer, Fanny Lidouren, Hakim Hocini, C\u00e9cile Lefebvre, Sophie Chateau\u2010Jouber, Nicolas Mongardon, Nicolas Deye, Alain Cariou, Philippe Micheau, Bijan Ghaleh, and Renaud Tissier, Ultra-fast hypothermia selectively mitigates the early humoral response after cardiac arrest, Journal of the American Heart Association, vol 9, (23), November 2020.<\/a><\/p>\n\n\n\n<p><a href=\"https:\/\/www.thelancet.com\/journals\/ebiom\/article\/PIIS2352-3964(19)30548-1\/fulltext\">M Kohlhauer, F Lidouren, L de Rochefort, M Nadeau, Mathieu, J Rambaud, A Hutin, RM Dubuisson, G Guillot, Genevi\u00e8ve, P Pey, P Bruneval, E Fortin-Pellerin, M Sage, H Walti, A Cariou, JD Ricard, A Berdeaux, N Mongardon, B Ghaleh, P Micheau and R Tissier: A new paradigm for Lung conservative liquid ventilation. EBIOMEDICINE, August 2019. A new paradig m for Lung conservative liquid ventilation. EBIOMEDICINE, Vol. 52:102365, February 2020<\/a><\/p>\n\n\n\n<p><a href=\"https:\/\/www.annalsthoracicsurgery.org\/article\/S0003-4975(18)31145-7\/pdf\">Mongardon N, Kohlhauer M, Lidouren F, Barretto M, Micheau P, Adam C, Dhonneur G, Ghaleh B, Tissier R. Targeted temperature management with total liquid ventilation after ischemic spinal cord injury, Ann Thorac Surg. Accepted Aug 2018.<\/a><\/p>\n\n\n\n<p><a href=\"https:\/\/www.nature.com\/articles\/s41598-018-34307-9\">Demen\u00e9 C, Maresca D, Kohlhauer M, Lidouren F, Micheau P, Ghaleh B, Pernot M, Tissier R, Tanter M, Multiparametric functional ultrasound imaging of cerebral blood flow in a cardiac arrest and post-resuscitation model, Scientific Reports, published on line, November 2018<\/a><\/p>\n\n\n\n<p><a href=\"https:\/\/annalsofintensivecare.springeropen.com\/articles\/10.1186\/s13613-018-0404-8\">J Rambaud, F Lidouren, M Sage, M Kohlhauer, M Nadeau, E Fortin-Pellerin, P Micheau, L Zilberstein, N Mongardon, J-D Ricard, M Terada, P Bruneval, A Berdeaux, B Ghaleh, H Walti, R Tissier, Hypothermic total liquid ventilation after experimental aspiration-associated acute respiratory distress syndrome,<em> Annals of Intensive Care<\/em>, 8:57, 2018<\/a><\/p>\n\n\n\n<p><a href=\"https:\/\/www.liebertpub.com\/doi\/10.1089\/ther.2015.0024\">Kohlhauer M, Berdeaux A, Kerber RE, Micheau P, Ghaleh B, Tissier R. Liquid Ventilation for the Induction of Ultrafast Hypothermia in Resuscitation Sciences: A Review. The Hypothermia Temp Manag. 2016 Jun;6(2):63-70, 2016.<\/a><\/p>\n\n\n\n<p><a href=\"https:\/\/www.ncbi.nlm.nih.gov\/pubmed\/27482772\">N Mongardon, M Kohlhauer, F Lidouren, T. Hauet, S. Giraud, A. Hutin, B. Costes, C. Barau, P. Bruneval, P. Micheau, A. Cariou, G. Dhonneur, A. Berdeaux, B Ghaleh, R. Tissier, A Brief Period of Hypothermia Induced by Total Liquid Ventilation Decreases End-Organ Damage and Multiorgan Failure Induced by Aortic Cross-Clamping&#8221;, Anesthesia &amp; Analgesia 123(3):659-69, 2016.<\/a><\/p>\n\n\n\n<p><a href=\" https:\/\/journals.lww.com\/ccmjournal\/Fulltext\/2015\/10000\/Hypothermic_Total_Liquid_Ventilation_Is_Highly.42.aspx\">M. Kohlhauer et al, Hypothermic total liquid ventilation is highly protective through cerebral hemodynamic preservation and sepsis-like mitigation after asphyxial cardiac arrest, <em>Critical Care Med<\/em>, 43(10), 420-30, October 2015.<\/a><\/p>\n\n\n\n<p><a href=\" https:\/\/www.sciencedirect.com\/science\/article\/pii\/S0750765814009174\">N. Mongardon, et al, Effet de l\u2019hypothermie syst\u00e9mique par ventilation liquidienne totale au cours du choc par isch\u00e9mie\/reperfusion par clampage aortique chez le lapin, <em>Annales Fran\u00e7aises d&#8217;Anesth\u00e9sie et de R\u00e9animation<\/em>, Volume 33, Page A391, Sept. 2014.<\/a><\/p>\n\n\n\n<p><a href=\"https:\/\/www.ncbi.nlm.nih.gov\/pmc\/articles\/PMC3375236\/ \">N. Mongardon, et al (15 authors), Ultrafast whole body cooling induced by hypothermic total liquid ventilation attenuates shock after aortic cross clamping in rabbits, <em>resuscitation<\/em>, vol. 85, S97-S98, may 2014.<\/a><\/p>\n\n\n\n<h1 class=\"wp-block-heading\">Thesis (in French):<\/h1>\n\n\n\n<p><a href=\"https:\/\/savoirs.usherbrooke.ca\/handle\/11143\/18998\">Christophe Morin, Ventilation gazeuse conventionnelle versus par oscillations \u00e0 haute fr\u00e9quence pour le sevrage de la ventilation liquidienne totale dans un mod\u00e8le ovin nouveau-n\u00e9, 2021<\/a><\/p>\n\n\n\n<p><a href=\"https:\/\/savoirs.usherbrooke.ca\/handle\/11143\/17315\">Jolli, Audrey, \u00c9tude exp\u00e9rimentale et num\u00e9rique du comportement dynamique du collapsus dans le cadre de la ventilation liquidienne totale, Master Thesis, Universit\u00e9 de Sherbrooke, 2020<\/a><\/p>\n\n\n\n<p><a href=\"https:\/\/savoirs.usherbrooke.ca\/handle\/11143\/16042\">Denaclara, JY, Syst\u00e8me de contr\u00f4le d&#8217;un \u00e9changeur de chaleur pour ventilateur liquidien, Master Thesis, Universit\u00e9 de Sherbrooke, 2018.<\/a><\/p>\n\n\n\n<p>Sage, M, <a href=\"http:\/\/savoirs.usherbrooke.ca\/bitstream\/handle\/11143\/9463\/Sage_Michael_MSc_2016.pdf?sequence=1&amp;isAllowed=y\">Efficacit\u00e9 compar\u00e9e du lavage pulmonaire th\u00e9rapeutique par ventilation liquidienne totale et par solution dilu\u00e9e de surfactant exog\u00e8ne dans un mod\u00e8le ovin de syndrome d\u2019inhalation m\u00e9coniale, Master Thesis, Universite de Sherbrooke, 2016.<\/a><\/p>\n\n\n\n<p>Nadeau, M, <a href=\"http:\/\/savoirs.usherbrooke.ca\/bitstream\/handle\/11143\/9768\/Nadeau_Mathieu_PhD_2016.pdf?sequence=6&amp;isAllowed=y\">Induction Optimale de l\u2019Hypothermie par Ventilation Liquidienne Totale : Validation Experimentale et Projection a l\u2019Humain. PhD Thesis, Universite de Sherbrooke, 2016.<\/a><\/p>\n\n\n\n<p>Vandamme, J. <a href=\"https:\/\/savoirs.usherbrooke.ca\/bitstream\/handle\/11143\/12186\/Vandamme_Jonathan_MScA_2015.pdf?sequence=1&amp;isAllowed=y\">Estimation de la pression alveolaire et de la compliance du systeme respiratoire en ventilation liquidienne totale<\/a>. Master Thesis, Universite de Sherbrooke, 2015.<\/p>\n\n\n\n<p>Mousseau, J. <a href=\"https:\/\/savoirs.usherbrooke.ca\/bitstream\/handle\/11143\/12187\/Mousseau_Julien_MScA_2015.pdf?sequence=1&amp;isAllowed=y\">Developpement d\u2019un simulateur de poumons reproduisant in vitro le collapsus expiratoire en ventilation liquidienne totale<\/a>. Master Thesis, Universite de Sherbrooke, 2015.<\/p>\n\n\n\n<p>Nadeau, M, <a href=\"http:\/\/savoirs.usherbrooke.ca\/bitstream\/handle\/11143\/6198\/MR96271.pdf?sequence=1\">Induction rapide, contr\u00f4l\u00e9e par capteur de temp\u00e9rature virtuel, d\u2019une hypothermie en ventilation liquidienne totale, Master Thesis, Universit\u00e9 de Sherbrooke, 2013.<\/a><\/p>\n\n\n\n<p>Beaulieu, A.,&nbsp;<a href=\"https:\/\/savoirs.usherbrooke.ca\/bitstream\/handle\/11143\/1618\/MR83716.pdf?sequence=1&amp;isAllowed=y\">D\u00e9veloppement d&#8217;outils de caract\u00e9risation de la m\u00e9canique pulmonaire en ventilation liquidienne totale, Master Thesis, Universit\u00e9 de Sherbrooke, 2011<\/a><\/p>\n\n\n\n<p>Avoine, O, <a href=\"http:\/\/www.collectionscanada.gc.ca\/obj\/thesescanada\/vol2\/002\/MR65643.PDF\">Ventilation liquidienne totale et syndr\u00f4me d\u2019aspiration m\u00e9coniale s\u00e9v\u00e8re, Master Thesis, Universit\u00e9 de Sherbrooke, 2010<\/a><\/p>\n\n\n\n<p>Boss\u00e9, D, <a href=\"http:\/\/www.collectionscanada.gc.ca\/obj\/thesescanada\/vol2\/002\/MR61488.PDF\">\u00c9tude de la m\u00e9canique respiratoire par la technique des oscillations forc\u00e9es au cours de la ventilation liquidienne totale, Master Thesis, Universit\u00e9 de Sherbrooke, 2009<\/a><\/p>\n\n\n\n<p>Beaudry, B, <a href=\"http:\/\/www.collectionscanada.gc.ca\/obj\/thesescanada\/vol2\/002\/MR53370.PDF\">L\u2019\u00e9valuation et l\u2019optimisation des \u00e9changes gazaux dans un oxyg\u00e9nateur de respirateur liquidien, Master Thesis, Universit\u00e9 de Sherbrooke, 2009.<\/a><\/p>\n\n\n\n<p>Robert, R, <a href=\"https:\/\/savoirs.usherbrooke.ca\/handle\/11143\/1899\">Mod\u00e9lisation num\u00e9rique et strat\u00e9gie de commande du d\u00e9bit expiratoire pour \u00e9viter le collapsus des voies respiratoires en ventilation liquidienne totale, PhD Thesis, Universit\u00e9 de Sherbrooke, 2007.<\/a><\/p>\n\n\n\n<p>Lebon, J, <a href=\"http:\/\/www.collectionscanada.gc.ca\/obj\/thesescanada\/vol2\/002\/MR49528.PDF\">Cons\u00e9quence h\u00e9modynamique de l\u2019application de la ventilation liquidienne totale dans un mod\u00e8le exp\u00e9rimental de syndr\u00f4me de d\u00e9tresse respiratoire aigue chez l\u2019agneau nouveau-n\u00e9, Master Thesis, Universite de Sherbrooke, 2007<\/a><\/p>\n\n\n\n<p>Robert, R, <a href=\"https:\/\/savoirs.usherbrooke.ca\/handle\/11143\/1274\">Optimisation d\u2019un ventilateur liquidien, Master Thesis, Universit\u00e9 de Sherbrooke, 2003.<\/a><\/p>\n\n\n\n<p>Mazouzi, M, <a href=\"http:\/\/savoirs.usherbrooke.ca\/bitstream\/handle\/11143\/1166\/MQ74468.pdf?sequence=1&amp;isAllowed=y\">D\u00e9veloppement d\u2019un contr\u00f4leur pour un ventilateur liquidien, Master Thesis, Universite de Sherbrooke, 2001<\/a><\/p>\n\n\n\n<h1 class=\"wp-block-heading\">Media<\/h1>\n\n\n\n<p><a href=\"https:\/\/www.larecherche.fr\/start\/orixha-exp%C3%A9rimente-lhypothermie-th%C3%A9rapeutique-par-ventilation-liquide\">Paper about the transfer of Inolivent liquid ventilator in the Start-Up Orixha (in French)<\/a><\/p>\n\n\n\n<p><a href=\"http:\/\/tass.com\/science\/866579\">TASS Sience and Space, Liquid Breathing Technology can save people<\/a><\/p>\n\n\n\n<h1 class=\"wp-block-heading\">Patents<\/h1>\n\n\n\n<p><a href=\"https:\/\/patents.google.com\/patent\/US20210077759A1\/en\">P Micheau, R Tissier, M Nadeau, M Kohlhauer, J Vandamme, J Mousseau, Liquid ventilator and method to induce tidal liquid ventilation and\/or hyperthermia, Canada, CA3097435A, April 12, 2019.<\/a><\/p>\n\n\n\n<p><a href=\"http:\/\/www.google.com\/patents\/WO2014205548A1?cl=en\">M. Nadeau, P. Micheau, R. Robert, H. Walti, O. Avoine, JP Praud, Indirect measurement in a total liquid ventilation system, WO 2014205548 A1, 2013.<\/a><\/p>\n\n\n\n<p><a href=\"https:\/\/www.google.ca\/patents\/US7726311?dq=raymond+robert+liquid+ventilation&amp;hl=fr&amp;sa=X&amp;ved=0ahUKEwiIz5PI7snUAhUC8IMKHUNPCVkQ6AEIMDAB\">Robert, S. Cyr, P. Micheau, H. Walti, J-P Praud, Method and apparatus for conducting total liquid ventilation with control of residual volume and ventilation cycle profile, US 7726311 B2, 2002.<\/a><\/p>\n\n\n\n<h1 class=\"wp-block-heading\">Videos<\/h1>\n\n\n\n<p>Audrey Jolli, pr\u00e9sentation de ses travaux de maitrise sur le collapsus expiratoire (in French): <a href=\"https:\/\/youtu.be\/MfEFdIuYlwM\">https:\/\/youtu.be\/MfEFdIuYlwM<\/a><\/p>\n\n\n\n<p>Liquid Ventilation and hypothermia, the contribution of students (in French) : <a href=\"https:\/\/youtu.be\/g7T7e_yinoA\">https:\/\/youtu.be\/g7T7e_yinoA<\/a><\/p>\n\n\n\n<p>Dynamique du collapsus expiratoire en ventilation liquidienne totale (in French):&nbsp;<a href=\"https:\/\/youtu.be\/fvGmEsjuzm8\">https:\/\/youtu.be\/fvGmEsjuzm8<\/a><\/p>\n\n\n\n<p><a href=\"https:\/\/www.youtube.com\/watch?v=AfBM-tMlhL8\">The Start-Up Orixha<\/a><\/p>\n\n\n\n<p>La d\u00e9tresse respiratoire du nouveau n\u00e9, Radio Canada (in French), 2012.<\/p>\n\n\n\n<h1 class=\"wp-block-heading\">Chapter of book<\/h1>\n\n\n\n<p><a href=\"http:\/\/www.intechopen.com\/articles\/show\/title\/a-liquid-ventilator-prototype-for-total-liquid-ventilation-preclinical-studies\">P. Micheau, R. Robert, B. Beaudry, A. Beaulieu, M. Nadeau, O. Avoine, M-E Rochon, J-P Praud, H Walti, Chapter: A Liquid ventilator prototype for total liquid ventilation preclinical studies, Bioengineering, In Tech Publisher, 2011.<\/a><\/p>\n","protected":false},"excerpt":{"rendered":"<p>Publications in international journals Morin, C*; Simard, E; See, W*; Sage, M*; Roqaya, I; Nadeau, C; Samson, N; Lavoie, P; Chabot, B; Marouan, S; Tremblay, S; Praud, JP; Micheau, P; Fortin-Pellerin, E.\u00a0(2023).\u00a0Total liquid ventilation in an ovine modelof extreme prematurity: a randomized study.\u00a0Pediatric Research, 95: 974\u2013980, 2024. Morin, C., et al. (2023). &#8220;Prise en charge [&hellip;]<\/p>\n","protected":false},"author":3,"featured_media":0,"parent":0,"menu_order":0,"comment_status":"closed","ping_status":"closed","template":"","meta":{"jetpack_post_was_ever_published":false,"footnotes":""},"class_list":["post-1094","page","type-page","status-publish","hentry"],"aioseo_notices":[],"jetpack_sharing_enabled":true,"jetpack_shortlink":"https:\/\/wp.me\/P3zpRR-hE","_links":{"self":[{"href":"https:\/\/www.inolivent.ca\/index.php?rest_route=\/wp\/v2\/pages\/1094","targetHints":{"allow":["GET"]}}],"collection":[{"href":"https:\/\/www.inolivent.ca\/index.php?rest_route=\/wp\/v2\/pages"}],"about":[{"href":"https:\/\/www.inolivent.ca\/index.php?rest_route=\/wp\/v2\/types\/page"}],"author":[{"embeddable":true,"href":"https:\/\/www.inolivent.ca\/index.php?rest_route=\/wp\/v2\/users\/3"}],"replies":[{"embeddable":true,"href":"https:\/\/www.inolivent.ca\/index.php?rest_route=%2Fwp%2Fv2%2Fcomments&post=1094"}],"version-history":[{"count":24,"href":"https:\/\/www.inolivent.ca\/index.php?rest_route=\/wp\/v2\/pages\/1094\/revisions"}],"predecessor-version":[{"id":1261,"href":"https:\/\/www.inolivent.ca\/index.php?rest_route=\/wp\/v2\/pages\/1094\/revisions\/1261"}],"wp:attachment":[{"href":"https:\/\/www.inolivent.ca\/index.php?rest_route=%2Fwp%2Fv2%2Fmedia&parent=1094"}],"curies":[{"name":"wp","href":"https:\/\/api.w.org\/{rel}","templated":true}]}}